{"id":2014,"date":"2020-01-09T03:41:45","date_gmt":"2020-01-09T03:41:45","guid":{"rendered":"https:\/\/patiodasmargaridas.com\/home-single-product-1\/"},"modified":"2025-08-19T14:07:25","modified_gmt":"2025-08-19T14:07:25","slug":"home-single-product-1","status":"publish","type":"page","link":"https:\/\/patiodasmargaridas.com\/en\/","title":{"rendered":"Home"},"content":{"rendered":"\t\t<div data-elementor-type=\"wp-page\" data-elementor-id=\"2014\" class=\"elementor elementor-2014 elementor-573\">\n\t\t\t\t\t\t<section class=\"elementor-section elementor-top-section elementor-element elementor-element-7ce09d79 elementor-section-stretched elementor-section-full_width elementor-section-height-default elementor-section-height-default\" data-id=\"7ce09d79\" data-element_type=\"section\" data-settings=\"{&quot;stretch_section&quot;:&quot;section-stretched&quot;}\">\n\t\t\t\t\t\t<div class=\"elementor-container elementor-column-gap-no\">\n\t\t\t\t\t<div class=\"elementor-column elementor-col-100 elementor-top-column elementor-element elementor-element-7f8f1d54\" data-id=\"7f8f1d54\" data-element_type=\"column\">\n\t\t\t<div class=\"elementor-widget-wrap elementor-element-populated\">\n\t\t\t\t\t\t<div class=\"elementor-element elementor-element-05d2f95 elementor-widget elementor-widget-text-editor\" data-id=\"05d2f95\" data-element_type=\"widget\" data-widget_type=\"text-editor.default\">\n\t\t\t\t<div class=\"elementor-widget-container\">\n\t\t\t\t\t\t\t\t\t\n\t\t\t\t<p class=\"rs-p-wp-fix\"><\/p>\n\t\t\t\t<sr7-module data-alias=\"business\" data-id=\"1\" id=\"SR7_1_1\" class=\"rs-ov-hidden\" data-version=\"6.7.34\">\n\t\t\t\t\t<sr7-adjuster><\/sr7-adjuster>\n\t\t\t\t\t<sr7-content>\n\t\t\t\t\t\t<sr7-slide class=\"slide_image\" id=\"SR7_1_1-1\" data-key=\"1\">\n\t\t\t\t\t\t\t<sr7-bg id=\"SR7_1_1-1-10\" class=\"sr7-layer\"><noscript><img decoding=\"async\" src=\"https:\/\/patiodasmargaridas.com\/wp-content\/uploads\/2020\/07\/slide-1-1.jpg\" alt=\"\" title=\"slide-1\"><\/noscript><\/sr7-bg>\n\t\t\t\t\t\t\t<sr7-txt id=\"SR7_1_1-1-1\" class=\"sr7-layer\">At \u00d3bidos<\/sr7-txt>\n\t\t\t\t\t\t\t<sr7-txt id=\"SR7_1_1-1-2\" class=\"sr7-layer\">Personalized service in a family environment<\/sr7-txt>\n\t\t\t\t\t\t\t<sr7-txt id=\"SR7_1_1-1-9\" class=\"sr7-layer\">Lodging<\/sr7-txt>\n\t\t\t\t\t\t<\/sr7-slide>\n\t\t\t\t\t\t<sr7-slide class=\"slide_image\" id=\"SR7_1_1-5\" data-key=\"5\">\n\t\t\t\t\t\t\t<sr7-bg id=\"SR7_1_1-5-10\" class=\"sr7-layer\"><noscript><img decoding=\"async\" src=\"https:\/\/patiodasmargaridas.com\/wp-content\/uploads\/2020\/07\/slide-2.jpg\" alt=\"\" title=\"slide-2\"><\/noscript><\/sr7-bg>\n\t\t\t\t\t\t\t<sr7-txt id=\"SR7_1_1-5-1\" class=\"sr7-layer\">At \u00d3bidos<\/sr7-txt>\n\t\t\t\t\t\t\t<sr7-txt id=\"SR7_1_1-5-2\" class=\"sr7-layer\">For the most beautiful Portuguese village<\/sr7-txt>\n\t\t\t\t\t\t\t<sr7-txt id=\"SR7_1_1-5-9\" class=\"sr7-layer\">Fall in Love<\/sr7-txt>\n\t\t\t\t\t\t<\/sr7-slide>\n\t\t\t\t\t\t<sr7-slide class=\"slide_image\" id=\"SR7_1_1-6\" data-key=\"6\">\n\t\t\t\t\t\t\t<sr7-bg id=\"SR7_1_1-6-10\" class=\"sr7-layer\"><noscript><img decoding=\"async\" src=\"https:\/\/patiodasmargaridas.com\/wp-content\/uploads\/2020\/07\/slide-31.jpg\" alt=\"\" title=\"slide-31\"><\/noscript><\/sr7-bg>\n\t\t\t\t\t\t\t<sr7-txt id=\"SR7_1_1-6-1\" class=\"sr7-layer\">At \u00d3bidos<\/sr7-txt>\n\t\t\t\t\t\t\t<sr7-txt id=\"SR7_1_1-6-2\" class=\"sr7-layer\">5 km far from the Sea, Golf and \u00d3bidos Lagoon<\/sr7-txt>\n\t\t\t\t\t\t\t<sr7-txt id=\"SR7_1_1-6-9\" class=\"sr7-layer\">The Region<\/sr7-txt>\n\t\t\t\t\t\t<\/sr7-slide>\n\t\t\t\t\t\t<sr7-slide id=\"SR7_1_1-4\" data-key=\"4\">\n\t\t\t\t\t\t<\/sr7-slide>\n\t\t\t\t\t<\/sr7-content>\n\t\t\t\t\t<image_lists style=\"display:none\">\n\t\t\t\t\t\t<img data-src=\"\/\/patiodasmargaridas.com\/wp-content\/uploads\/2020\/07\/slide-1-1.jpg\" data-libid=\"2119\" data-lib=\"medialibrary\" title=\"slide-1\" width=\"0\" height=\"0\" data-dbsrc=\"Ly9wYXRpb2Rhc21hcmdhcmlkYXMuY29tL3dwLWNvbnRlbnQvdXBsb2Fkcy8yMDIwLzA3L3NsaWRlLTEtMS5qcGc=\"\/>\n\t\t\t\t\t\t<img data-src=\"\/\/patiodasmargaridas.com\/wp-content\/uploads\/2020\/07\/slide-2.jpg\" data-libid=\"1779\" data-lib=\"medialibrary\" title=\"slide-2\" width=\"0\" height=\"0\" data-dbsrc=\"Ly9wYXRpb2Rhc21hcmdhcmlkYXMuY29tL3dwLWNvbnRlbnQvdXBsb2Fkcy8yMDIwLzA3L3NsaWRlLTIuanBn\"\/>\n\t\t\t\t\t\t<img data-src=\"\/\/patiodasmargaridas.com\/wp-content\/uploads\/2020\/07\/slide-31.jpg\" data-libid=\"1787\" data-lib=\"medialibrary\" title=\"slide-31\" width=\"0\" height=\"0\" data-dbsrc=\"Ly9wYXRpb2Rhc21hcmdhcmlkYXMuY29tL3dwLWNvbnRlbnQvdXBsb2Fkcy8yMDIwLzA3L3NsaWRlLTMxLmpwZw==\"\/>\n\t\t\t\t\t<\/image_lists>\n\t\t\t\t<\/sr7-module>\n\t\t\t\t<script>\n\t\t\t\t\tSR7.PMH ??={}; SR7.PMH[\"SR7_1_1\"] = {cn:100,state:false,fn: function() { if (_tpt!==undefined && _tpt.prepareModuleHeight !== undefined) {  _tpt.prepareModuleHeight({id:\"SR7_1_1\",el:[868,868,768,500,500],type:'standard',shdw:'0',gh:[868,868,768,500,500],gw:[1240,1240,1024,778,480],vpt:['-100px&#039;,&#039;-100px&#039;,&#039;-100px&#039;,&#039;-100px&#039;,&#039;-100px'],size:{fullWidth:true, fullHeight:true},fho:'',mh:'0',onh:0,onw:0,bg:{color:'{\"type\":\"solid\",\"orig\":\"\",\"string\":\"rgba(0, 0, 0, 1)\"}'},plType:'0',plColor:'#FFFFFF'});   SR7.PMH[\"SR7_1_1\"].state=true;} else if(SR7.PMH[\"SR7_1_1\"].cn-->0)\tsetTimeout( SR7.PMH[\"SR7_1_1\"].fn,19);}};SR7.PMH[\"SR7_1_1\" ].fn();\n\t\t\t\t<\/script>\n\t\t\t\t\t\t\t\t<\/div>\n\t\t\t\t<\/div>\n\t\t\t\t\t<\/div>\n\t\t<\/div>\n\t\t\t\t\t<\/div>\n\t\t<\/section>\n\t\t\t\t<section class=\"elementor-section elementor-top-section elementor-element elementor-element-559dd70 elementor-section-stretched elementor-section-boxed elementor-section-height-default elementor-section-height-default\" data-id=\"559dd70\" data-element_type=\"section\" data-settings=\"{&quot;stretch_section&quot;:&quot;section-stretched&quot;,&quot;background_background&quot;:&quot;classic&quot;}\">\n\t\t\t\t\t\t<div class=\"elementor-container elementor-column-gap-default\">\n\t\t\t\t\t<div class=\"elementor-column elementor-col-50 elementor-top-column elementor-element elementor-element-955b7ca\" data-id=\"955b7ca\" data-element_type=\"column\">\n\t\t\t<div class=\"elementor-widget-wrap elementor-element-populated\">\n\t\t\t\t\t\t<div class=\"elementor-element elementor-element-8bf4bc7 elementor-widget elementor-widget-image\" data-id=\"8bf4bc7\" data-element_type=\"widget\" data-widget_type=\"image.default\">\n\t\t\t\t<div class=\"elementor-widget-container\">\n\t\t\t\t\t\t\t\t\t\t\t\t\t\t\t<img loading=\"lazy\" decoding=\"async\" width=\"992\" height=\"662\" src=\"https:\/\/patiodasmargaridas.com\/wp-content\/uploads\/2020\/07\/patio-das-margaridas-obidos-1024x683.jpg\" class=\"attachment-large size-large wp-image-2124\" alt=\"\" srcset=\"https:\/\/patiodasmargaridas.com\/wp-content\/uploads\/2020\/07\/patio-das-margaridas-obidos-1024x683.jpg 1024w, https:\/\/patiodasmargaridas.com\/wp-content\/uploads\/2020\/07\/patio-das-margaridas-obidos-300x200.jpg 300w, https:\/\/patiodasmargaridas.com\/wp-content\/uploads\/2020\/07\/patio-das-margaridas-obidos-768x512.jpg 768w, https:\/\/patiodasmargaridas.com\/wp-content\/uploads\/2020\/07\/patio-das-margaridas-obidos-1536x1024.jpg 1536w, https:\/\/patiodasmargaridas.com\/wp-content\/uploads\/2020\/07\/patio-das-margaridas-obidos-120x80.jpg 120w, https:\/\/patiodasmargaridas.com\/wp-content\/uploads\/2020\/07\/patio-das-margaridas-obidos-900x600.jpg 900w, https:\/\/patiodasmargaridas.com\/wp-content\/uploads\/2020\/07\/patio-das-margaridas-obidos.jpg 1555w\" sizes=\"(max-width: 992px) 100vw, 992px\" \/>\t\t\t\t\t\t\t\t\t\t\t\t\t\t\t<\/div>\n\t\t\t\t<\/div>\n\t\t\t\t\t<\/div>\n\t\t<\/div>\n\t\t\t\t<div class=\"elementor-column elementor-col-50 elementor-top-column elementor-element elementor-element-645c59f\" data-id=\"645c59f\" data-element_type=\"column\">\n\t\t\t<div class=\"elementor-widget-wrap elementor-element-populated\">\n\t\t\t\t\t\t<div class=\"elementor-element elementor-element-8a5e4e6 elementor-widget elementor-widget-heading\" data-id=\"8a5e4e6\" data-element_type=\"widget\" data-widget_type=\"heading.default\">\n\t\t\t\t<div class=\"elementor-widget-container\">\n\t\t\t\t\t<h1 class=\"elementor-heading-title elementor-size-default\">Albergaria P\u00e1tio Das Margaridas<\/h1>\t\t\t\t<\/div>\n\t\t\t\t<\/div>\n\t\t\t\t<div class=\"elementor-element elementor-element-3903010 elementor-widget elementor-widget-heading\" data-id=\"3903010\" data-element_type=\"widget\" data-widget_type=\"heading.default\">\n\t\t\t\t<div class=\"elementor-widget-container\">\n\t\t\t\t\t<h6 class=\"elementor-heading-title elementor-size-default\">RNAL registration number: 107453|AL<\/h6>\t\t\t\t<\/div>\n\t\t\t\t<\/div>\n\t\t\t\t<div class=\"elementor-element elementor-element-b985c53 elementor-widget elementor-widget-text-editor\" data-id=\"b985c53\" data-element_type=\"widget\" data-widget_type=\"text-editor.default\">\n\t\t\t\t<div class=\"elementor-widget-container\">\n\t\t\t\t\t\t\t\t\t<p>Albergaria P\u00e1tio das Margaridas, in \u00d3bidos, next to the &#8220;Senhor da Pedra&#8221; Sanctuary, 800 m far from the historic town center.<\/p><p>Rooms and apartment rental with personalized service in a family atmosphere.<\/p><p>Located at the northern entrance to \u00d3bidos, respecting the tradition of a personalized service that has been around since 1937.<\/p><p>Five kilometers far from the sea, golf and \u00d3bidos Lagoon.<\/p><p>Private car park available.<\/p>\t\t\t\t\t\t\t\t<\/div>\n\t\t\t\t<\/div>\n\t\t\t\t<div class=\"elementor-element elementor-element-da1572e elementor-invisible elementor-widget elementor-widget-clever-button\" data-id=\"da1572e\" data-element_type=\"widget\" data-settings=\"{&quot;_animation&quot;:&quot;fadeIn&quot;,&quot;_animation_delay&quot;:300}\" data-widget_type=\"clever-button.default\">\n\t\t\t\t<div class=\"elementor-widget-container\">\n\t\t\t\t\t<a href=\"https:\/\/patiodasmargaridas.com\/en\/about-us\/\"   class=\"cafe-button normal \"> About Us <i class=\"cs-font clever-icon-caret-right\"><\/i><\/a>\t\t\t\t<\/div>\n\t\t\t\t<\/div>\n\t\t\t\t\t<\/div>\n\t\t<\/div>\n\t\t\t\t\t<\/div>\n\t\t<\/section>\n\t\t\t\t<section class=\"elementor-section elementor-top-section elementor-element elementor-element-e2413a7 elementor-section-stretched elementor-section-height-min-height elementor-section-boxed elementor-section-height-default elementor-section-items-middle\" data-id=\"e2413a7\" data-element_type=\"section\" data-settings=\"{&quot;stretch_section&quot;:&quot;section-stretched&quot;,&quot;background_background&quot;:&quot;classic&quot;}\">\n\t\t\t\t\t\t\t<div class=\"elementor-background-overlay\"><\/div>\n\t\t\t\t\t\t\t<div class=\"elementor-container elementor-column-gap-default\">\n\t\t\t\t\t<div class=\"elementor-column elementor-col-100 elementor-top-column elementor-element elementor-element-b8b1aed\" data-id=\"b8b1aed\" data-element_type=\"column\">\n\t\t\t<div class=\"elementor-widget-wrap elementor-element-populated\">\n\t\t\t\t\t\t<div class=\"elementor-element elementor-element-8ad3a35 elementor-invisible elementor-widget elementor-widget-heading\" data-id=\"8ad3a35\" data-element_type=\"widget\" data-settings=\"{&quot;_animation&quot;:&quot;fadeInUp&quot;}\" data-widget_type=\"heading.default\">\n\t\t\t\t<div class=\"elementor-widget-container\">\n\t\t\t\t\t<h3 class=\"elementor-heading-title elementor-size-default\">Discover all the beauty in \u00d3bidos<\/h3>\t\t\t\t<\/div>\n\t\t\t\t<\/div>\n\t\t\t\t<div class=\"elementor-element elementor-element-f7905c0 elementor-invisible elementor-widget elementor-widget-heading\" data-id=\"f7905c0\" data-element_type=\"widget\" data-settings=\"{&quot;_animation&quot;:&quot;bounceIn&quot;,&quot;_animation_delay&quot;:300}\" data-widget_type=\"heading.default\">\n\t\t\t\t<div class=\"elementor-widget-container\">\n\t\t\t\t\t<div class=\"elementor-heading-title elementor-size-default\">Enjoy an unforgettable stay<\/div>\t\t\t\t<\/div>\n\t\t\t\t<\/div>\n\t\t\t\t\t<\/div>\n\t\t<\/div>\n\t\t\t\t\t<\/div>\n\t\t<\/section>\n\t\t\t\t<section class=\"elementor-section elementor-top-section elementor-element elementor-element-c594216 elementor-section-stretched elementor-section-boxed elementor-section-height-default elementor-section-height-default\" data-id=\"c594216\" data-element_type=\"section\" data-settings=\"{&quot;stretch_section&quot;:&quot;section-stretched&quot;,&quot;background_background&quot;:&quot;classic&quot;}\">\n\t\t\t\t\t\t<div class=\"elementor-container elementor-column-gap-default\">\n\t\t\t\t\t<div class=\"elementor-column elementor-col-100 elementor-top-column elementor-element elementor-element-cf553af\" data-id=\"cf553af\" data-element_type=\"column\">\n\t\t\t<div class=\"elementor-widget-wrap elementor-element-populated\">\n\t\t\t\t\t\t<div class=\"elementor-element elementor-element-8871da2 elementor-invisible elementor-widget elementor-widget-heading\" data-id=\"8871da2\" data-element_type=\"widget\" data-settings=\"{&quot;_animation&quot;:&quot;fadeIn&quot;}\" data-widget_type=\"heading.default\">\n\t\t\t\t<div class=\"elementor-widget-container\">\n\t\t\t\t\t<h3 class=\"elementor-heading-title elementor-size-default\">We have accommodation for you<\/h3>\t\t\t\t<\/div>\n\t\t\t\t<\/div>\n\t\t\t\t<section class=\"elementor-section elementor-inner-section elementor-element elementor-element-129fef5 elementor-section-full_width elementor-section-height-default elementor-section-height-default\" data-id=\"129fef5\" data-element_type=\"section\">\n\t\t\t\t\t\t<div class=\"elementor-container elementor-column-gap-default\">\n\t\t\t\t\t<div class=\"elementor-column elementor-col-50 elementor-inner-column elementor-element elementor-element-8dd004c\" data-id=\"8dd004c\" data-element_type=\"column\">\n\t\t\t<div class=\"elementor-widget-wrap elementor-element-populated\">\n\t\t\t\t\t\t<div class=\"elementor-element elementor-element-a7122ae elementor-widget elementor-widget-heading\" data-id=\"a7122ae\" data-element_type=\"widget\" data-widget_type=\"heading.default\">\n\t\t\t\t<div class=\"elementor-widget-container\">\n\t\t\t\t\t<h2 class=\"elementor-heading-title elementor-size-default\"><a href=\"https:\/\/patiodasmargaridas.com\/en\/rooms\/\">Rooms<\/a><\/h2>\t\t\t\t<\/div>\n\t\t\t\t<\/div>\n\t\t\t\t<div class=\"elementor-element elementor-element-f3d9f4f elementor-widget elementor-widget-image\" data-id=\"f3d9f4f\" data-element_type=\"widget\" data-widget_type=\"image.default\">\n\t\t\t\t<div class=\"elementor-widget-container\">\n\t\t\t\t\t\t\t\t\t\t\t\t\t\t\t\t<a href=\"https:\/\/patiodasmargaridas.com\/en\/rooms\/\">\n\t\t\t\t\t\t\t<img loading=\"lazy\" decoding=\"async\" width=\"992\" height=\"582\" src=\"https:\/\/patiodasmargaridas.com\/wp-content\/uploads\/2020\/07\/slide-3-1024x601.jpg\" class=\"attachment-large size-large wp-image-2122\" alt=\"\" srcset=\"https:\/\/patiodasmargaridas.com\/wp-content\/uploads\/2020\/07\/slide-3-1024x601.jpg 1024w, https:\/\/patiodasmargaridas.com\/wp-content\/uploads\/2020\/07\/slide-3-300x176.jpg 300w, https:\/\/patiodasmargaridas.com\/wp-content\/uploads\/2020\/07\/slide-3-768x451.jpg 768w, https:\/\/patiodasmargaridas.com\/wp-content\/uploads\/2020\/07\/slide-3-1536x902.jpg 1536w, https:\/\/patiodasmargaridas.com\/wp-content\/uploads\/2020\/07\/slide-3-120x70.jpg 120w, https:\/\/patiodasmargaridas.com\/wp-content\/uploads\/2020\/07\/slide-3-900x528.jpg 900w, https:\/\/patiodasmargaridas.com\/wp-content\/uploads\/2020\/07\/slide-3.jpg 1572w\" sizes=\"(max-width: 992px) 100vw, 992px\" \/>\t\t\t\t\t\t\t\t<\/a>\n\t\t\t\t\t\t\t\t\t\t\t\t\t\t\t<\/div>\n\t\t\t\t<\/div>\n\t\t\t\t<div class=\"elementor-element elementor-element-f5998a0 elementor-invisible elementor-widget elementor-widget-clever-button\" data-id=\"f5998a0\" data-element_type=\"widget\" data-settings=\"{&quot;_animation&quot;:&quot;fadeIn&quot;,&quot;_animation_delay&quot;:300}\" data-widget_type=\"clever-button.default\">\n\t\t\t\t<div class=\"elementor-widget-container\">\n\t\t\t\t\t<a href=\"https:\/\/patiodasmargaridas.com\/en\/rooms\/\"   class=\"cafe-button normal \"> More Info <i class=\"cs-font clever-icon-caret-right\"><\/i><\/a>\t\t\t\t<\/div>\n\t\t\t\t<\/div>\n\t\t\t\t\t<\/div>\n\t\t<\/div>\n\t\t\t\t<div class=\"elementor-column elementor-col-50 elementor-inner-column elementor-element elementor-element-ad17e75\" data-id=\"ad17e75\" data-element_type=\"column\">\n\t\t\t<div class=\"elementor-widget-wrap elementor-element-populated\">\n\t\t\t\t\t\t<div class=\"elementor-element elementor-element-e0cc227 elementor-widget elementor-widget-heading\" data-id=\"e0cc227\" data-element_type=\"widget\" data-widget_type=\"heading.default\">\n\t\t\t\t<div class=\"elementor-widget-container\">\n\t\t\t\t\t<h2 class=\"elementor-heading-title elementor-size-default\"><a href=\"https:\/\/patiodasmargaridas.com\/en\/apartment\/\">Apartment<\/a><\/h2>\t\t\t\t<\/div>\n\t\t\t\t<\/div>\n\t\t\t\t<div class=\"elementor-element elementor-element-59acfa2 elementor-widget elementor-widget-image\" data-id=\"59acfa2\" data-element_type=\"widget\" data-widget_type=\"image.default\">\n\t\t\t\t<div class=\"elementor-widget-container\">\n\t\t\t\t\t\t\t\t\t\t\t\t\t\t\t\t<a href=\"https:\/\/patiodasmargaridas.com\/en\/apartment\/\">\n\t\t\t\t\t\t\t<img loading=\"lazy\" decoding=\"async\" width=\"992\" height=\"582\" src=\"https:\/\/patiodasmargaridas.com\/wp-content\/uploads\/2020\/07\/apartamento-obidos-patio-das-margaridas2-1024x601.jpg\" class=\"attachment-large size-large wp-image-1992\" alt=\"\" srcset=\"https:\/\/patiodasmargaridas.com\/wp-content\/uploads\/2020\/07\/apartamento-obidos-patio-das-margaridas2-1024x601.jpg 1024w, https:\/\/patiodasmargaridas.com\/wp-content\/uploads\/2020\/07\/apartamento-obidos-patio-das-margaridas2-300x176.jpg 300w, https:\/\/patiodasmargaridas.com\/wp-content\/uploads\/2020\/07\/apartamento-obidos-patio-das-margaridas2-768x451.jpg 768w, https:\/\/patiodasmargaridas.com\/wp-content\/uploads\/2020\/07\/apartamento-obidos-patio-das-margaridas2-1536x902.jpg 1536w, https:\/\/patiodasmargaridas.com\/wp-content\/uploads\/2020\/07\/apartamento-obidos-patio-das-margaridas2-120x70.jpg 120w, https:\/\/patiodasmargaridas.com\/wp-content\/uploads\/2020\/07\/apartamento-obidos-patio-das-margaridas2-900x528.jpg 900w, https:\/\/patiodasmargaridas.com\/wp-content\/uploads\/2020\/07\/apartamento-obidos-patio-das-margaridas2.jpg 1572w\" sizes=\"(max-width: 992px) 100vw, 992px\" \/>\t\t\t\t\t\t\t\t<\/a>\n\t\t\t\t\t\t\t\t\t\t\t\t\t\t\t<\/div>\n\t\t\t\t<\/div>\n\t\t\t\t<div class=\"elementor-element elementor-element-2df2d92 elementor-invisible elementor-widget elementor-widget-clever-button\" data-id=\"2df2d92\" data-element_type=\"widget\" data-settings=\"{&quot;_animation&quot;:&quot;fadeIn&quot;,&quot;_animation_delay&quot;:300}\" data-widget_type=\"clever-button.default\">\n\t\t\t\t<div class=\"elementor-widget-container\">\n\t\t\t\t\t<a href=\"https:\/\/patiodasmargaridas.com\/en\/apartment\/\"   class=\"cafe-button normal \"> More Info <i class=\"cs-font clever-icon-caret-right\"><\/i><\/a>\t\t\t\t<\/div>\n\t\t\t\t<\/div>\n\t\t\t\t\t<\/div>\n\t\t<\/div>\n\t\t\t\t\t<\/div>\n\t\t<\/section>\n\t\t\t\t\t<\/div>\n\t\t<\/div>\n\t\t\t\t\t<\/div>\n\t\t<\/section>\n\t\t\t\t<\/div>\n\t\t","protected":false},"excerpt":{"rendered":"<p>Albergaria P\u00e1tio Das Margaridas RNAL registration number: 107453|AL Albergaria P\u00e1tio das Margaridas, in \u00d3bidos, next to the &#8220;Senhor da Pedra&#8221; Sanctuary, 800 m far from the historic town center. Rooms&#8230;<\/p>\n","protected":false},"author":1,"featured_media":0,"parent":0,"menu_order":0,"comment_status":"closed","ping_status":"closed","template":"","meta":{"footnotes":""},"class_list":["post-2014","page","type-page","status-publish","hentry"],"_links":{"self":[{"href":"https:\/\/patiodasmargaridas.com\/en\/wp-json\/wp\/v2\/pages\/2014","targetHints":{"allow":["GET"]}}],"collection":[{"href":"https:\/\/patiodasmargaridas.com\/en\/wp-json\/wp\/v2\/pages"}],"about":[{"href":"https:\/\/patiodasmargaridas.com\/en\/wp-json\/wp\/v2\/types\/page"}],"author":[{"embeddable":true,"href":"https:\/\/patiodasmargaridas.com\/en\/wp-json\/wp\/v2\/users\/1"}],"replies":[{"embeddable":true,"href":"https:\/\/patiodasmargaridas.com\/en\/wp-json\/wp\/v2\/comments?post=2014"}],"version-history":[{"count":19,"href":"https:\/\/patiodasmargaridas.com\/en\/wp-json\/wp\/v2\/pages\/2014\/revisions"}],"predecessor-version":[{"id":2284,"href":"https:\/\/patiodasmargaridas.com\/en\/wp-json\/wp\/v2\/pages\/2014\/revisions\/2284"}],"wp:attachment":[{"href":"https:\/\/patiodasmargaridas.com\/en\/wp-json\/wp\/v2\/media?parent=2014"}],"curies":[{"name":"wp","href":"https:\/\/api.w.org\/{rel}","templated":true}]}}